{"id":6026,"date":"2017-03-07T10:45:42","date_gmt":"2017-03-07T10:45:42","guid":{"rendered":"http:\/\/vibez.elated-themes.com\/?page_id=6026"},"modified":"2021-09-24T09:46:57","modified_gmt":"2021-09-24T09:46:57","slug":"mds-kids","status":"publish","type":"page","link":"https:\/\/marbelladanceschool.com\/en\/mds-kids\/","title":{"rendered":"MDS Alumnos"},"content":{"rendered":"<p>[vc_row enable_arrows_animation=&#8221;no&#8221; parallax_background_image=&#8221;11224&#8243; el_class=&#8221;page-title&#8221;][vc_column]<div class=\"eltdf-elements-holder eltdf-one-column eltdf-responsive-mode-768\" ><div class=\"eltdf-eh-item \"  data-item-class=\"eltdf-eh-custom-635364\" data-1280-1600=\"10% 46% 10% 8%\" data-1024-1280=\"11.5% 46% 11% 7%\" data-768-1024=\"17.5% 42% 20.5% 6%\" data-600-768=\"14% 18% 17% 10%\" data-480-600=\"12.5% 9% 16% 9%\" data-480=\"12.5% 9% 16% 9%\">\n\t<div class=\"eltdf-eh-item-inner\">\n\t\t<div class=\"eltdf-eh-item-content eltdf-eh-custom-635364\" style=\"padding: 8.5% 48% 6.5% 17%\">\n\t\t\t[vc_column_text]<\/p>\n<h1><span style=\"color: #ffffff;\">Our Students<\/span><\/h1>\n<p>[\/vc_column_text][vc_column_text el_class=&#8221;hero-description&#8221;]Each year more than 200 students pass through our halls with a common passion, dance. We have students of all ages, both small and large, children and adults, some only like ballet and others only enjoy hip hop, but at the end of the course everyone has the same goal,\u00a0 DANCE IN THE END OF COURSE !!![\/vc_column_text]\t\t<\/div>\n\t<\/div>\n<\/div><\/div>[\/vc_column][\/vc_row][vc_row enable_arrows_animation=&#8221;no&#8221;][vc_column width=&#8221;1\/4&#8243;][\/vc_column][vc_column width=&#8221;1\/2&#8243;][vc_empty_space][vc_empty_space]<div class=\"eltdf-testimonials-holder eltdf-testimonials-standard  clearfix\"><div class=\"eltdf-testimonials eltdf-owl-slider\" data-number-of-items=\"1\" data-enable-loop=\"yes\" data-enable-autoplay=\"yes\" data-slider-speed=\"5000\" data-slider-speed-animation=\"600\"  data-enable-navigation=\"no\" data-enable-pagination=\"yes\"><div class=\"eltdf-testimonial-content\" id=\"eltdf-testimonials-11260\">\n\t\t\t<div class=\"eltdf-testimonial-image\">\n\t\t\t<img loading=\"lazy\" decoding=\"async\" width=\"60\" height=\"41\" src=\"https:\/\/marbelladanceschool.com\/wp-content\/uploads\/2017\/03\/testimonials-custim-img-2.png\" class=\"attachment-60x60 size-60x60 wp-post-image\" alt=\"a\" \/>\t\t<\/div>\n\t\t<div class=\"eltdf-testimonial-text-holder\">\n\t\t\t\t\t<p class=\"eltdf-testimonial-text\">&quot;I\u2019ve been 2 wonderful years with my second family @marbelladanceschool_oficial and the experiences that we\u2019ve shared together we\u2019re incredible and will always be close to my heart! &quot;<\/p>\n\t\t                    <h4 itemprop=\"name\" class=\"eltdf-testimonial-title entry-title\">\n\t            <span class=\"eltdf-testimonial-title-text\">Lily Rose Mansfield<\/span>\n\t                        <\/h4>\n                \n    <\/div>\n<\/div><div class=\"eltdf-testimonial-content\" id=\"eltdf-testimonials-10883\">\n\t\t\t<div class=\"eltdf-testimonial-image\">\n\t\t\t<img loading=\"lazy\" decoding=\"async\" width=\"60\" height=\"41\" src=\"https:\/\/marbelladanceschool.com\/wp-content\/uploads\/2017\/03\/testimonials-custim-img-2.png\" class=\"attachment-60x60 size-60x60 wp-post-image\" alt=\"a\" \/>\t\t<\/div>\n\t\t<div class=\"eltdf-testimonial-text-holder\">\n\t\t\t\t\t<p class=\"eltdf-testimonial-text\">&quot; Love it ! Finally a professional ballet school in Marbella ! very happy ! &quot;<\/p>\n\t\t                    <h4 itemprop=\"name\" class=\"eltdf-testimonial-title entry-title\">\n\t            <span class=\"eltdf-testimonial-title-text\">Patricia M\u00fcllenmeister<\/span>\n\t                        <\/h4>\n                \n    <\/div>\n<\/div><div class=\"eltdf-testimonial-content\" id=\"eltdf-testimonials-10881\">\n\t\t\t<div class=\"eltdf-testimonial-image\">\n\t\t\t<img loading=\"lazy\" decoding=\"async\" width=\"60\" height=\"41\" src=\"https:\/\/marbelladanceschool.com\/wp-content\/uploads\/2017\/03\/testimonials-custim-img-3.png\" class=\"attachment-60x60 size-60x60 wp-post-image\" alt=\"b\" \/>\t\t<\/div>\n\t\t<div class=\"eltdf-testimonial-text-holder\">\n\t\t\t\t\t<p class=\"eltdf-testimonial-text\">&quot;Me encanta bailar!! Y aqu\u00ed he encontrado m\u00e1s que eso!!&quot;<\/p>\n\t\t                    <h4 itemprop=\"name\" class=\"eltdf-testimonial-title entry-title\">\n\t            <span class=\"eltdf-testimonial-title-text\">Ana Ramirez<\/span>\n\t                        <\/h4>\n                \n    <\/div>\n<\/div><\/div><\/div>[vc_empty_space][vc_empty_space][\/vc_column][vc_column width=&#8221;1\/4&#8243;][\/vc_column][\/vc_row][vc_row equal_height=&#8221;yes&#8221; content_placement=&#8221;middle&#8221; enable_arrows_animation=&#8221;no&#8221; content_text_aligment=&#8221;center&#8221; css=&#8221;.vc_custom_1531329104001{padding-top: 75px !important;padding-bottom: 75px !important;}&#8221; parallax_background_image=&#8221;7781&#8243; parallax_bg_height=&#8221;300&#8243;][vc_column]<div class=\"eltdf-section-title-holder  eltdf-st-standard eltdf-st-title-left eltdf-st-normal-space  \" style=\"text-align: center\">\n\t<div class=\"eltdf-st-inner\">\n\t\t\t\t\t<h2 class=\"eltdf-st-title\" style=\"color: #ffffff\">\n\t\t\t\tA place where making friends is easy\t\t\t<\/h2>\n\t\t\t\t\t<\/div>\n<\/div>[\/vc_column][\/vc_row][vc_row enable_arrows_animation=&#8221;no&#8221;][vc_column][vc_empty_space][vc_empty_space]<div class=\"eltdf-section-title-holder  eltdf-st-two-columns eltdf-st-title-left eltdf-st-normal-space  eltdf-st-disable-text-break\" >\n\t<div class=\"eltdf-st-inner\">\n\t\t\t\t\t<h2 class=\"eltdf-st-title\" style=\"color: #2a2a2a\">\n\t\t\t\t<span class=\"eltdf-st-title-light\">Your<\/span> <span class=\"eltdf-st-title-light\">kids<\/span> <span class=\"eltdf-st-title-bold\">will<\/span> <span class=\"eltdf-st-title-bold\">love<\/span> <span class=\"eltdf-st-title-light\">our<\/span> teachers\t\t\t<\/h2>\n\t\t\t\t\t\t\t<h5 class=\"eltdf-st-text\" >\n\t\t\t\tNuestros profesores consiguen sacar de todos los ni\u00f1os<br \/> sus mejores calidades para que ganen confianza y<br \/> seguridad a trav\u00e9s del baile\t\t\t<\/h5>\n\t\t\t<\/div>\n<\/div>[vc_empty_space][vc_empty_space][vc_empty_space][vc_empty_space][\/vc_column][\/vc_row][vc_row row_content_width=&#8221;grid&#8221; enable_arrows_animation=&#8221;no&#8221; content_text_aligment=&#8221;center&#8221; css=&#8221;.vc_custom_1524406146487{padding-bottom: 80px !important;}&#8221; el_class=&#8221;kids-huge-button&#8221;][vc_column]<a itemprop=\"url\" href=\"\/contact-us\" target=\"_self\" style=\"margin: 0 auto 10px auto\" class=\"eltdf-btn eltdf-btn-huge eltdf-btn-outline\"  >\n\t\t<span class=\"eltdf-btn-text\">\n\t\t<span class=\"eltdf-btn-text-inner\">\n\t\t\tcontact us\t\t<\/span>\n\t<\/span>\n<\/a><a itemprop=\"url\" href=\"\/profesores\/\" target=\"_self\" style=\"margin: 10px auto\" class=\"eltdf-btn eltdf-btn-huge eltdf-btn-outline\"  >\n\t\t<span class=\"eltdf-btn-text\">\n\t\t<span class=\"eltdf-btn-text-inner\">\n\t\t\tOur teachers\t\t<\/span>\n\t<\/span>\n<\/a><a itemprop=\"url\" href=\"\/galeria\/\" target=\"_self\" style=\"margin: 10px auto\" class=\"eltdf-btn eltdf-btn-huge eltdf-btn-outline\"  >\n\t\t<span class=\"eltdf-btn-text\">\n\t\t<span class=\"eltdf-btn-text-inner\">\n\t\t\tGallery\t\t<\/span>\n\t<\/span>\n<\/a>[\/vc_column][\/vc_row][vc_row full_width=&#8221;stretch_row&#8221; equal_height=&#8221;yes&#8221; content_placement=&#8221;middle&#8221; enable_arrows_animation=&#8221;no&#8221; content_text_aligment=&#8221;center&#8221; css=&#8221;.vc_custom_1531328810338{padding-top: 112px !important;padding-bottom: 112px !important;}&#8221; parallax_background_image=&#8221;9120&#8243; parallax_bg_height=&#8221;300&#8243;][vc_column]<div class=\"eltdf-section-title-holder  eltdf-st-standard eltdf-st-title-left eltdf-st-normal-space  \" style=\"text-align: center\">\n\t<div class=\"eltdf-st-inner\">\n\t\t\t\t\t<h2 class=\"eltdf-st-title\" style=\"color: #ffffff\">\n\t\t\t\tMDS also has an official ballet exam program\t\t\t<\/h2>\n\t\t\t\t\t<\/div>\n<\/div><div class=\"eltdf-section-title-holder  eltdf-st-standard eltdf-st-title-left eltdf-st-normal-space  \" style=\"text-align: center\">\n\t<div class=\"eltdf-st-inner\">\n\t\t\t\t\t<h2 class=\"eltdf-st-title\" style=\"color: #ffffff\">\n\t\t\t\tRussian Vaganova Asociation\t\t\t<\/h2>\n\t\t\t\t\t\t\t<h5 class=\"eltdf-st-text\" style=\"color: #ffffff\">\n\t\t\t\tPregunta a tu profesor para mas informaci\u00f3n acerca de los examenes\t\t\t<\/h5>\n\t\t\t<\/div>\n<\/div>[\/vc_column][\/vc_row][vc_row enable_arrows_animation=&#8221;no&#8221;][vc_column][vc_empty_space height=&#8221;50&#8243;][\/vc_column][\/vc_row][vc_row enable_arrows_animation=&#8221;no&#8221;][vc_column]<div class=\"eltdf-section-title-holder  eltdf-st-two-columns eltdf-st-title-left eltdf-st-normal-space  \" >\n\t<div class=\"eltdf-st-inner\">\n\t\t\t\t\t<h2 class=\"eltdf-st-title\" style=\"color: #2a2a2a\">\n\t\t\t\t<span class=\"eltdf-st-title-light\">Mi<\/span> <span class=\"eltdf-st-title-light\">experience<\/span> <span class=\"eltdf-st-title-bold\">in<\/span> <span class=\"eltdf-st-title-bold\">MDS...<\/span>\t\t\t<\/h2>\n\t\t\t\t\t<\/div>\n<\/div>[vc_empty_space height=&#8221;50&#8243;][\/vc_column][\/vc_row][vc_row equal_height=&#8221;yes&#8221; content_placement=&#8221;middle&#8221; enable_arrows_animation=&#8221;no&#8221; css=&#8221;.vc_custom_1632474451617{background-color: #dd9933 !important;}&#8221;][vc_column width=&#8221;1\/6&#8243;][vc_empty_space height=&#8221;80&#8243;]<div class=\"eltdf-elements-holder eltdf-one-column eltdf-responsive-mode-768 eltdf-one-column-alignment-center\" ><div class=\"eltdf-eh-item  eltdf-horizontal-alignment-center\"  data-item-class=\"eltdf-eh-custom-265335\">\n\t<div class=\"eltdf-eh-item-inner\">\n\t\t<div class=\"eltdf-eh-item-content eltdf-eh-custom-265335\" >\n\t\t\t[vc_single_image image=&#8221;11064&#8243; img_size=&#8221;500&#215;500&#8243; alignment=&#8221;center&#8221;]\t\t<\/div>\n\t<\/div>\n<\/div><\/div>[vc_empty_space height=&#8221;100px&#8221;][\/vc_column][vc_column width=&#8221;1\/6&#8243;][vc_tta_pageable no_fill_content_area=&#8221;1&#8243; active_section=&#8221;1&#8243; pagination_style=&#8221;flat-round&#8221; pagination_color=&#8221;white&#8221; tab_position=&#8221;top&#8221;][vc_tta_section title=&#8221;Secci\u00f3n 2&#8243; tab_id=&#8221;1535533781803-36ed23cf-d15bac71-584ec482-7bf3&#8243;]<div class=\"eltdf-section-title-holder  eltdf-st-standard eltdf-st-title-left eltdf-st-normal-space  \" >\n\t<div class=\"eltdf-st-inner\">\n\t\t\t\t\t<h3 class=\"eltdf-st-title\" style=\"color: #ffffff\">\n\t\t\t\t<span class=\"eltdf-st-title-bold\">Lily<\/span> <span class=\"eltdf-st-title-light\">Rose<\/span> <span class=\"eltdf-st-title-bold\">Mansfield<\/span> <span class=\"eltdf-st-title-italic\"><span class=\"eltdf-st-title-light\">(12<\/span><\/span> <span class=\"eltdf-st-title-italic\"><span class=\"eltdf-st-title-light\">a\u00f1os)<\/span><\/span>\t\t\t<\/h3>\n\t\t\t\t\t<\/div>\n<\/div>[vc_column_text]<span style=\"color: #ffffff;\">MDS has given me opportunities like going to the\u00a0<a class=\"notranslate\" style=\"color: #ffffff;\" href=\"https:\/\/www.instagram.com\/royalballetschool\/\">@royalballetschool<\/a>\u00a0getting in to the\u00a0<a class=\"notranslate\" style=\"color: #ffffff;\" href=\"https:\/\/www.instagram.com\/russian_masters_ballet\/\">@russian_masters_ballet<\/a>\u00a0for summer school and getting 3 scholarships in the\u00a0<a class=\"notranslate\" style=\"color: #ffffff;\" href=\"https:\/\/www.instagram.com\/worlddancefair\/\">@worlddancefair<\/a>\u00a0competition. And now I start my next chapter of my dance life in\u00a0<a class=\"notranslate\" style=\"color: #ffffff;\" href=\"https:\/\/www.instagram.com\/staatlicheballettschuleberlin\/\">@staatlicheballettschuleberlin<\/a><a style=\"color: #ffffff;\" href=\"https:\/\/www.instagram.com\/explore\/tags\/staatlicheballettschuleberlin\/\">#staatlicheballettschuleberlin<\/a><\/span><br \/>\n<span style=\"color: #ffffff;\">So thank you so much family and I also wanted to thank\u00a0<a class=\"notranslate\" style=\"color: #ffffff;\" href=\"https:\/\/www.instagram.com\/lucycatherinebrown\/\">@lucycatherinebrown<\/a>\u00a0for teaching me to dance and letting myself go with the rhythm of the music and also for her amazing clases that every week I was looking forward to ?<\/span><br \/>\n<span style=\"color: #ffffff;\">ITS TIME TO SAY TSCH\u00dcSS, AND I&#8217;LL BE BACK ?<\/span>[\/vc_column_text][\/vc_tta_section][vc_tta_section title=&#8221;Secci\u00f3n&#8221; tab_id=&#8221;1535535135316-ea64f28c-e9e5ac71-584ec482-7bf3&#8243;][vc_single_image image=&#8221;11259&#8243; img_size=&#8221;large&#8221;][\/vc_tta_section][\/vc_tta_pageable][\/vc_column][vc_column width=&#8221;1\/6&#8243;][vc_empty_space height=&#8221;80&#8243;]<div class=\"eltdf-elements-holder eltdf-one-column eltdf-responsive-mode-768 eltdf-one-column-alignment-center\" ><div class=\"eltdf-eh-item  eltdf-horizontal-alignment-center\"  data-item-class=\"eltdf-eh-custom-478397\">\n\t<div class=\"eltdf-eh-item-inner\">\n\t\t<div class=\"eltdf-eh-item-content eltdf-eh-custom-478397\" >\n\t\t\t[vc_single_image image=&#8221;12030&#8243; img_size=&#8221;500&#215;500&#8243; alignment=&#8221;center&#8221;]\t\t<\/div>\n\t<\/div>\n<\/div><\/div>[vc_empty_space height=&#8221;100px&#8221;][\/vc_column][vc_column width=&#8221;1\/6&#8243;][vc_tta_pageable no_fill_content_area=&#8221;1&#8243; active_section=&#8221;1&#8243; pagination_style=&#8221;flat-round&#8221; pagination_color=&#8221;white&#8221; tab_position=&#8221;top&#8221;][vc_tta_section title=&#8221;Secci\u00f3n 1&#8243; tab_id=&#8221;1632473737303-efd35301-25d1&#8243;]<div class=\"eltdf-section-title-holder  eltdf-st-standard eltdf-st-title-left eltdf-st-normal-space  \" >\n\t<div class=\"eltdf-st-inner\">\n\t\t\t\t\t<h3 class=\"eltdf-st-title\" style=\"color: #ffffff\">\n\t\t\t\t<span class=\"eltdf-st-title-bold\">Marina<\/span> <span class=\"eltdf-st-title-light\">Remart\u00ednez<\/span>\t\t\t<\/h3>\n\t\t\t\t\t<\/div>\n<\/div>[vc_column_text]<span style=\"color: #ffffff;\">MDS puede ser muchas cosas maravillosas, pero lo que la caracteriza podr\u00eda ser lo poco escuela y gran hogar que es para todos. El aprendizaje, constancia, energ\u00eda y cari\u00f1o de cada uno de los alumnos y profesores son los pilares que la construyen. Y esa energ\u00eda positiva y amor que se pone en cada proyecto y clase es lo que te impide distanciarte de ella y su gente. En definitiva, un hogar.<\/span>[\/vc_column_text][\/vc_tta_section][\/vc_tta_pageable][\/vc_column][vc_column width=&#8221;1\/6&#8243;][vc_empty_space height=&#8221;80&#8243;][vc_empty_space height=&#8221;100px&#8221;][\/vc_column][vc_column width=&#8221;1\/6&#8243;][\/vc_column][\/vc_row][vc_row enable_arrows_animation=&#8221;no&#8221;][vc_column][vc_empty_space height=&#8221;50&#8243;][\/vc_column][\/vc_row]<\/p>","protected":false},"excerpt":{"rendered":"<p>[vc_row enable_arrows_animation=&#8221;no&#8221; parallax_background_image=&#8221;11224&#8243; el_class=&#8221;page-title&#8221;][vc_column][\/vc_column][\/vc_row][vc_row enable_arrows_animation=&#8221;no&#8221;][vc_column width=&#8221;1\/4&#8243;][\/vc_column][vc_column width=&#8221;1\/2&#8243;][vc_empty_space][vc_empty_space][vc_empty_space][vc_empty_space][\/vc_column][vc_column width=&#8221;1\/4&#8243;][\/vc_column][\/vc_row][vc_row equal_height=&#8221;yes&#8221; content_placement=&#8221;middle&#8221; enable_arrows_animation=&#8221;no&#8221; content_text_aligment=&#8221;center&#8221; css=&#8221;.vc_custom_1531329104001{padding-top: 75px !important;padding-bottom: 75px !important;}&#8221; parallax_background_image=&#8221;7781&#8243; parallax_bg_height=&#8221;300&#8243;][vc_column][\/vc_column][\/vc_row][vc_row enable_arrows_animation=&#8221;no&#8221;][vc_column][vc_empty_space][vc_empty_space][vc_empty_space][vc_empty_space][vc_empty_space][vc_empty_space][\/vc_column][\/vc_row][vc_row row_content_width=&#8221;grid&#8221; enable_arrows_animation=&#8221;no&#8221; content_text_aligment=&#8221;center&#8221; css=&#8221;.vc_custom_1524406146487{padding-bottom: 80px !important;}&#8221; el_class=&#8221;kids-huge-button&#8221;][vc_column][\/vc_column][\/vc_row][vc_row full_width=&#8221;stretch_row&#8221; equal_height=&#8221;yes&#8221; content_placement=&#8221;middle&#8221; enable_arrows_animation=&#8221;no&#8221; content_text_aligment=&#8221;center&#8221; css=&#8221;.vc_custom_1531328810338{padding-top: 112px !important;padding-bottom: 112px !important;}&#8221; parallax_background_image=&#8221;9120&#8243; parallax_bg_height=&#8221;300&#8243;][vc_column][\/vc_column][\/vc_row][vc_row enable_arrows_animation=&#8221;no&#8221;][vc_column][vc_empty_space [&hellip;]<\/p>\n","protected":false},"author":5,"featured_media":0,"parent":0,"menu_order":0,"comment_status":"closed","ping_status":"closed","template":"full-width.php","meta":{"_coblocks_attr":"","_coblocks_dimensions":"","_coblocks_responsive_height":"","_coblocks_accordion_ie_support":"","footnotes":""},"class_list":["post-6026","page","type-page","status-publish","hentry"],"_links":{"self":[{"href":"https:\/\/marbelladanceschool.com\/en\/wp-json\/wp\/v2\/pages\/6026","targetHints":{"allow":["GET"]}}],"collection":[{"href":"https:\/\/marbelladanceschool.com\/en\/wp-json\/wp\/v2\/pages"}],"about":[{"href":"https:\/\/marbelladanceschool.com\/en\/wp-json\/wp\/v2\/types\/page"}],"author":[{"embeddable":true,"href":"https:\/\/marbelladanceschool.com\/en\/wp-json\/wp\/v2\/users\/5"}],"replies":[{"embeddable":true,"href":"https:\/\/marbelladanceschool.com\/en\/wp-json\/wp\/v2\/comments?post=6026"}],"version-history":[{"count":79,"href":"https:\/\/marbelladanceschool.com\/en\/wp-json\/wp\/v2\/pages\/6026\/revisions"}],"predecessor-version":[{"id":12031,"href":"https:\/\/marbelladanceschool.com\/en\/wp-json\/wp\/v2\/pages\/6026\/revisions\/12031"}],"wp:attachment":[{"href":"https:\/\/marbelladanceschool.com\/en\/wp-json\/wp\/v2\/media?parent=6026"}],"curies":[{"name":"wp","href":"https:\/\/api.w.org\/{rel}","templated":true}]}}